
{"id":146,"date":"2013-08-21T11:28:24","date_gmt":"2013-08-21T15:28:24","guid":{"rendered":"https:\/\/ctsq.qc.ca\/?page_id=146"},"modified":"2025-04-17T14:53:36","modified_gmt":"2025-04-17T18:53:36","slug":"commotions","status":"publish","type":"page","link":"https:\/\/ctsq.qc.ca\/en\/commotions\/","title":{"rendered":"Concussions"},"content":{"rendered":"[vc_row equal_height=&#8221;yes&#8221; content_placement=&#8221;middle&#8221; el_class=&#8221;cl_cerebr&#8221; css=&#8221;.vc_custom_1736541810301{margin-bottom: -10px !important;}&#8221;][vc_column width=&#8221;1\/3&#8243; css=&#8221;.vc_custom_1736541939564{margin-bottom: 0px !important;}&#8221;][vc_single_image image=&#8221;18357&#8243; img_size=&#8221;&#8221; alignment=&#8221;center&#8221; onclick=&#8221;custom_link&#8221; link=&#8221;#autorisation&#8221;][\/vc_column][vc_column width=&#8221;1\/3&#8243; offset=&#8221;vc_hidden-xs&#8221;][\/vc_column][vc_column width=&#8221;1\/3&#8243;][vc_single_image image=&#8221;18353&#8243; img_size=&#8221;&#8221; alignment=&#8221;center&#8221; onclick=&#8221;custom_link&#8221; link=&#8221;#lignesdirectrices&#8221;][\/vc_column][\/vc_row][vc_row equal_height=&#8221;yes&#8221; content_placement=&#8221;middle&#8221; el_class=&#8221;cl_cerebr&#8221;][vc_column][vc_separator color=&#8221;sky&#8221; align=&#8221;align_left&#8221; border_width=&#8221;4&#8243; el_width=&#8221;10&#8243; css=&#8221;.vc_custom_1736537121501{margin-bottom: 15px !important;}&#8221;][vc_column_text css=&#8221;.vc_custom_1736545210939{padding-right: 3% !important;}&#8221;]\n<h3 style=\"text-align: left;\"><a id=\"autorisation\"><\/a>Return-to-Play Authorization<\/h3>\n[\/vc_column_text][vc_column_text css=&#8221;.vc_custom_1736550475304{padding-right: 3% !important;}&#8221;]\n<p style=\"text-align: justify;\">The <em>Coll\u00e8ge des m\u00e9decins du Qu\u00e9bec<\/em> (CMQ) and the CTSQ published a joint announcement detailing a new right of practice for athletic therapists in the field of concussion. As of now, CTSQ&#8217;s members can authorize full return-to-play to patients with a concussion or mTBI diagnosis. This initiative aims to facilitate the access to a competent professional in an already overwhelmed healthcare system.<\/p>\n<p>Please find here under a summary of the activity. All details and official information are to be found in the joint announcement itself, available lower in this page, or directly on the <a href=\"https:\/\/www.cmq.org\/fr\/actualites\/therapeutes-sport-tccl-cc\">CMQ&#8217;s website<\/a>.<\/p>\n<p>&nbsp;<\/p>\n<h4 style=\"color: #009fdf;\"><strong>Conditions of Practice<\/strong><\/h4>\n<p style=\"text-align: justify;\">In order to authorize a gradual and full return-to-play, athletic therapists must:<\/p>\n<ul>\n<li style=\"text-align: justify;\"><span style=\"color: #009fdf; font-size: 18px;\">\u2022<\/span> have an official concussion or mTBI medical diagnosis from a doctor or specialized nurse practitioner (SNP);\n<ul>\n<li style=\"font-size: 15px;\"><span style=\"color: #009fdf;\">\u03bf<\/span> the diagnosis must be obtained to rule out more severe conditions;<\/li>\n<\/ul>\n<\/li>\n<li style=\"text-align: justify;\"><span style=\"color: #009fdf; font-size: 18px;\">\u2022<\/span> have a practice profile that regularly exposes them to patients with mTBI or CC;<\/li>\n<li><span style=\"color: #009fdf; font-size: 18px;\">\u2022<\/span>\u00a0take training in TBI\/CC identification and management at least every four years;\n<ul>\n<li style=\"text-align: justify; font-size: 15px;\"><span style=\"color: #009fdf;\">\u03bf<\/span> in the next few months, the CTSQ will look at available courses to determine which ones would be recommended with regards to having a sufficient level of knowledge on the field to help athletic therapists choose their continuing education opportunities.<\/li>\n<\/ul>\n<\/li>\n<\/ul>\n<p>&nbsp;<\/p>\n<h4 style=\"color: #009fdf;\"><strong>Need for Medical Clearance<\/strong><\/h4>\n<p style=\"text-align: justify;\">However, patients followed by an athletic therapist will have to get medical clearance before full return to activity if there is:<\/p>\n<ul style=\"line-height: 1.1;\">\n<li><span style=\"color: #009fdf; font-size: 20px;\"><strong>\u21d2<\/strong><\/span> presence of persistent symptoms;<\/li>\n<li><span style=\"color: #009fdf; font-size: 20px;\"><strong>\u21d2<\/strong><\/span> presence of red flags at any moment following the trauma;<\/li>\n<li><span style=\"color: #009fdf; font-size: 20px;\"><strong>\u21d2<\/strong><\/span> abnormal evolution of symptoms in the hours or days following the initial diagnosis;<\/li>\n<li><span style=\"color: #009fdf; font-size: 20px;\"><strong>\u21d2<\/strong><\/span> presence of a comorbidity (i.e., ADD\/ADHD);<\/li>\n<li><span style=\"color: #009fdf; font-size: 20px;\"><strong>\u21d2<\/strong><\/span> presence of a concussion in the previous year;<\/li>\n<li><span style=\"color: #009fdf; font-size: 20px;\"><strong>\u21d2<\/strong><\/span> presence of two or more concussions in their medical history.<\/li>\n<\/ul>\n<p>&nbsp;<\/p>\n<h4 style=\"color: #009fdf;\"><strong>Patient Follow-Up<\/strong><\/h4>\n<p style=\"text-align: justify;\">As we always aim for high-quality professional services to our patients, athletic therapists who wish to practise this new activity must follow rigorous norms of practice. Amongst other things, the athletic therapist must:<\/p>\n<ul style=\"line-height: 1.25;\">\n<li><span style=\"color: #009fdf; font-size: 20px;\"><strong>\u2022<\/strong><\/span> follow recent well-accepted return-to-activity protocols;<\/li>\n<li><span style=\"color: #009fdf; font-size: 20px;\"><strong>\u2022<\/strong><\/span> chart all useful criteria leading to their decision to allow full return-to-play in sports.<\/li>\n<\/ul>\n<p>&nbsp;<\/p>\n<p><strong>Important Documents<\/strong><\/p>\n<ul>\n<li><a href=\"https:\/\/ctsq.qc.ca\/wp-content\/uploads\/2025\/04\/Avis-TCCL-avril-2025.pdf\" target=\"_blank\" rel=\"noopener\">Joint announcement<\/a> (<em>in French<\/em>) april 2025 version<\/li>\n<li><a href=\"https:\/\/aqmse.org\/wp-content\/uploads\/2018\/11\/autorisation-medicale-2.0-27-11-2018.pdf\" target=\"_blank\" rel=\"noopener\"><em>Formulaire de reprise de l&#8217;entra\u00eenement<\/em><\/a> (AQMSE)<\/li>\n<\/ul>\n[\/vc_column_text][vc_empty_space height=&#8221;64px&#8221;][\/vc_column][\/vc_row][vc_row equal_height=&#8221;yes&#8221; content_placement=&#8221;middle&#8221; el_class=&#8221;cl_cerebr&#8221;][vc_column][vc_separator color=&#8221;sky&#8221; align=&#8221;align_left&#8221; border_width=&#8221;4&#8243; el_width=&#8221;10&#8243; css=&#8221;.vc_custom_1736537131652{margin-bottom: 15px !important;}&#8221;][vc_column_text css=&#8221;.vc_custom_1736543909750{padding-right: 3% !important;}&#8221;]\n<h3 style=\"text-align: left;\"><a id=\"lignesdirectrices\"><\/a>Guidelines<\/h3>\n[\/vc_column_text][vc_column_text css=&#8221;.vc_custom_1736544154466{padding-right: 3% !important;}&#8221;]\n<p style=\"text-align: left; font-size: 18px;\"><a href=\"https:\/\/collections.banq.qc.ca\/ark:\/52327\/bs4156249\"><strong>Concussion Management Guidelines for Athletic Therapists in Qu\u00e9bec<\/strong><\/a>, 3rd edition <span style=\"font-size: 14px;\"><em>(in French)<\/em><\/span><\/p>\n[\/vc_column_text][\/vc_column][\/vc_row][vc_row][vc_column][vc_row_inner equal_height=&#8221;yes&#8221; content_placement=&#8221;top&#8221; el_id=&#8221;ctsq_annexe&#8221;][vc_column_inner width=&#8221;1\/2&#8243;][vc_column_text]\n<ul class=\"cl_annexctsq\">\n<li style=\"list-style-type: none;\">\n<ul class=\"cl_annexctsq\">\n<li><span class=\"ann_cts1\">Annexe 1\u00a0<\/span><a href=\"https:\/\/ctsq.qc.ca\/wp-content\/uploads\/2020\/09\/1.-SCAT5.pdf\" target=\"_blank\" rel=\"noopener noreferrer\">SCAT5<\/a><\/li>\n<li><span class=\"ann_cts1\">Annexe 2\u00a0<\/span><a href=\"https:\/\/ctsq.qc.ca\/wp-content\/uploads\/2020\/09\/2.-SCAT5-enfants.pdf\" target=\"_blank\" rel=\"noopener noreferrer\">SCAT5 pour enfant<\/a><\/li>\n<li><span class=\"ann_cts1\">Annexe 3\u00a0<\/span><a href=\"https:\/\/ctsq.qc.ca\/wp-content\/uploads\/2020\/09\/3.-Outils-de-poche.pdf\">Outil de poche<\/a><i> (CRT5)\u00a0<\/i><\/li>\n<li><span class=\"ann_cts1\">Annexe 4\u00a0<\/span><a href=\"https:\/\/ctsq.qc.ca\/wp-content\/uploads\/2020\/09\/4.-Fiche-suivi-MEES.pdf\" target=\"_blank\" rel=\"noopener noreferrer\">Fiche de suivi &#8211; MEES <\/a><\/li>\n<li><span class=\"ann_cts1\">Annexe 5\u00a0<\/span><a href=\"https:\/\/ctsq.qc.ca\/wp-content\/uploads\/2020\/09\/5.-INESS-TCCL.pdf\">Traumatisme cranioc\u00e9r\u00e9bral l\u00e9ger &#8211; INESS<\/a><\/li>\n<li><span class=\"ann_cts1\">Annexe 6\u00a0<\/span><a href=\"https:\/\/ctsq.qc.ca\/wp-content\/uploads\/2020\/09\/6.-Nerfs-craniens.pdf\">Tests des nerfs cr\u00e2niens<\/a><\/li>\n<li><span class=\"ann_cts1\">Annexe 7\u00a0<\/span><a href=\"https:\/\/ctsq.qc.ca\/wp-content\/uploads\/2020\/09\/7.-GSC.pdf\">\u00c9chelle de Glasgow<\/a><\/li>\n<li><span class=\"ann_cts1\">Annexe 8\u00a0<\/span><a href=\"https:\/\/ctsq.qc.ca\/wp-content\/uploads\/2020\/10\/8.-Regle-canadienne.pdf\">R\u00e8gle canadienne concernant la radiographie de la colonne cervicale<\/a><\/li>\n<li><span class=\"ann_cts1\">Annexe 9\u00a0<\/span><a href=\"https:\/\/ctsq.qc.ca\/wp-content\/uploads\/2020\/09\/9.-Graded-Symptom-Checklist.pdf\">Liste de v\u00e9rification des sympt\u00f4mes<\/a>(<em>Graded Symptoms Checklist<\/em>)<\/li>\n<li><span class=\"cts_ca1\">Annexe 10<\/span> Inventaire post-commotionnel des sympt\u00f4mes (Post-Concussion Symptom Inventory &#8211; PCSI)<\/li>\n<\/ul>\n<ul>\n<li style=\"list-style-type: none;\">\n<ul style=\"list-style-type: circle;\">\n<li><a href=\"https:\/\/ctsq.qc.ca\/wp-content\/uploads\/2020\/09\/10.-PCSI-5-12-ans-FR.pdf\">PCSI 5 \u00e0 12 ans<\/a><\/li>\n<li><a href=\"https:\/\/ctsq.qc.ca\/wp-content\/uploads\/2020\/09\/10.-PCSI-13-18-ans-FR.pdf\">PCSI 13 \u00e0 18 ans<\/a><\/li>\n<li><a href=\"https:\/\/ctsq.qc.ca\/wp-content\/uploads\/2020\/09\/10.-PCSI-Parents-FR.pdf\">PCSI pour parents d&#8217;enfant de 5 \u00e0 18 ans<\/a><\/li>\n<\/ul>\n<\/li>\n<\/ul>\n<\/li>\n<\/ul>\n[\/vc_column_text][\/vc_column_inner][vc_column_inner width=&#8221;1\/2&#8243;][vc_column_text]\n<ul class=\"cl_annexctsq\">\n<li><span class=\"cts_ca1\">Annexe 11<\/span><a href=\"https:\/\/ctsq.qc.ca\/wp-content\/uploads\/2020\/09\/11.-VOMS.pdf\" target=\"_blank\" rel=\"noopener noreferrer\">D\u00e9pistage vestibulo-oculomoteur (VOMS)<\/a><\/li>\n<li><span class=\"cts_ca1\">Annexe 12<\/span><a href=\"https:\/\/ctsq.qc.ca\/wp-content\/uploads\/2020\/09\/12.-Rivermead.pdf\" target=\"_blank\" rel=\"noopener noreferrer\">Questionnaire Rivermead sur les sympt\u00f4mes post-commotionnels<\/a><\/li>\n<li><span class=\"cts_ca1\">Annexe 13<\/span><a href=\"https:\/\/ctsq.qc.ca\/wp-content\/uploads\/2020\/09\/13.-Lettre-scolaire-primaire-secondaire.pdf\" target=\"_blank\" rel=\"noopener noreferrer\">Mod\u00e8le de recommandations scolaires \u2013 primaire et secondaire<\/a><\/li>\n<li><span class=\"cts_ca1\">Annexe 14<\/span><a href=\"https:\/\/ctsq.qc.ca\/wp-content\/uploads\/2020\/09\/14.-Lettre-scolaire-cegep-universite.pdf\" target=\"_blank\" rel=\"noopener noreferrer\">Mod\u00e8le de recommandations scolaires \u2013 c\u00e9gep et universit\u00e9<\/a><\/li>\n<li><span class=\"cts_ca1\">Annexe 15<\/span><a href=\"https:\/\/ctsq.qc.ca\/wp-content\/uploads\/2020\/09\/15.-Gestion-energie-AQMSE.pdf\" target=\"_blank\" rel=\"noopener noreferrer\">Recommendations sur la gestion \u00e9nerg\u00e9tique \u00e0 la suite d\u2019une commotion c\u00e9r\u00e9brale &#8211; AQMSE<\/a><\/li>\n<li><span class=\"cts_ca1\">Annexe 16<\/span><a href=\"https:\/\/sunnybrook.ca\/content\/?page=bsp-concussion-conserving-energy\" target=\"_blank\" rel=\"noopener noreferrer\"> <em>Conserving energy after a concussion &#8211; Sunnybrooke Health Sciences Centre<\/em><\/a><\/li>\n<li><span class=\"cts_ca1\">Annexe 17<\/span><a href=\"https:\/\/ctsq.qc.ca\/wp-content\/uploads\/2020\/09\/17.-Fiche-de-surveillance.pdf\" target=\"_blank\" rel=\"noopener noreferrer\">Mod\u00e8le de fiche de surveillance pour les commotions c\u00e9r\u00e9brales<\/a><\/li>\n<li><span class=\"cts_ca1\">Annexe 18<\/span><a href=\"https:\/\/ctsq.qc.ca\/wp-content\/uploads\/2020\/09\/18.-Kit-du-Children.pdf\" target=\"_blank\" rel=\"noopener noreferrer\">Retour au jeu pour l\u2019enfant &#8211; H\u00f4pital pour enfants de Montr\u00e9al<\/a><\/li>\n<\/ul>\n[\/vc_column_text][\/vc_column_inner][\/vc_row_inner][vc_row_inner][vc_column_inner][vc_column_text]\n<h4><strong>Others resources<\/strong><\/h4>\n<div class=\"price_ctsq_container\">\n<ul>\n<li><a href=\"https:\/\/aqmse.org\/outils-pratiques\/coffre-a-outils-commotions-cerebrales\/#\" target=\"_blank\" rel=\"noopener\"><em>Association qu\u00e9b\u00e9coise des m\u00e9decins du sport et de l&#8217;exercice<\/em><\/a> (AQMSE)<\/li>\n<li><a href=\"http:\/\/casem-acmse.org\/fr\/ressources-proposees-par-la-ccc\/\" target=\"_blank\" rel=\"noopener noreferrer\">Canadian Concussion Collaborative Canadian Concussion Collaborative <\/a> (CCC)<\/li>\n<li><a href=\"https:\/\/www.inesss.qc.ca\/nc\/publications\/publications\/publication\/traumatisme-craniocerebral-leger-conseils-pour-la-reprise-graduelle-des-activites-intellectuelles.html\" target=\"_blank\" rel=\"noopener noreferrer\"><em>Institut national d\u2019excellence en sant\u00e9 et en services sociaux<\/em> (INESSS)<\/a><\/li>\n<li><a href=\"http:\/\/www.csagroup.org\/us\/en\/services\/testing-and-certification\/certified-product-listing?language=caFr\" target=\"_blank\" rel=\"noopener noreferrer\">Search for CSA Certified Product Listings<\/a><\/li>\n<\/ul>\n<\/div>\n[\/vc_column_text][\/vc_column_inner][\/vc_row_inner][\/vc_column][\/vc_row]\n","protected":false},"excerpt":{"rendered":"<p>[vc_row equal_height=&#8221;yes&#8221; content_placement=&#8221;middle&#8221; el_class=&#8221;cl_cerebr&#8221; css=&#8221;.vc_custom_1736541810301{margin-bottom: -10px !important;}&#8221;][vc_column width=&#8221;1\/3&#8243; css=&#8221;.vc_custom_1736541939564{margin-bottom: 0px !important;}&#8221;][vc_single_image image=&#8221;18357&#8243; img_size=&#8221;&#8221; alignment=&#8221;center&#8221; onclick=&#8221;custom_link&#8221; link=&#8221;#autorisation&#8221;][\/vc_column][vc_column width=&#8221;1\/3&#8243; offset=&#8221;vc_hidden-xs&#8221;][\/vc_column][vc_column width=&#8221;1\/3&#8243;][vc_single_image image=&#8221;18353&#8243; img_size=&#8221;&#8221; alignment=&#8221;center&#8221; onclick=&#8221;custom_link&#8221; link=&#8221;#lignesdirectrices&#8221;][\/vc_column][\/vc_row][vc_row equal_height=&#8221;yes&#8221; content_placement=&#8221;middle&#8221; el_class=&#8221;cl_cerebr&#8221;][vc_column][vc_separator color=&#8221;sky&#8221; align=&#8221;align_left&#8221; border_width=&#8221;4&#8243; el_width=&#8221;10&#8243; css=&#8221;.vc_custom_1736537121501{margin-bottom: 15px !important;}&#8221;][vc_column_text css=&#8221;.vc_custom_1736545210939{padding-right: 3% !important;}&#8221;] Return-to-Play Authorization [\/vc_column_text][vc_column_text css=&#8221;.vc_custom_1736550475304{padding-right: 3% !important;}&#8221;] The Coll\u00e8ge des m\u00e9decins du Qu\u00e9bec (CMQ) and the CTSQ published a [&hellip;]<\/p>\n","protected":false},"author":1,"featured_media":568,"parent":0,"menu_order":0,"comment_status":"open","ping_status":"closed","template":"","meta":{"_acf_changed":false,"pmpro_default_level":0,"footnotes":""},"class_list":["post-146","page","type-page","status-publish","has-post-thumbnail","hentry","pmpro-has-access"],"acf":[],"yoast_head":"<!-- This site is optimized with the Yoast SEO plugin v26.3 - https:\/\/yoast.com\/wordpress\/plugins\/seo\/ -->\n<title>Child &amp; Adult Concussion Assessment Tool - CTSQ<\/title>\n<meta name=\"description\" content=\"Is it a concussion or not? Indicating a concussion can be hard, use these assessment tools offered by CTSQ and discover what the signs mean.\" \/>\n<meta name=\"robots\" content=\"index, follow, max-snippet:-1, max-image-preview:large, max-video-preview:-1\" \/>\n<link rel=\"canonical\" href=\"https:\/\/ctsq.qc.ca\/en\/commotions\/\" \/>\n<meta property=\"og:locale\" content=\"en_US\" \/>\n<meta property=\"og:type\" content=\"article\" \/>\n<meta property=\"og:title\" content=\"Child &amp; Adult Concussion Assessment Tool - CTSQ\" \/>\n<meta property=\"og:description\" content=\"Is it a concussion or not? Indicating a concussion can be hard, use these assessment tools offered by CTSQ and discover what the signs mean.\" \/>\n<meta property=\"og:url\" content=\"https:\/\/ctsq.qc.ca\/en\/commotions\/\" \/>\n<meta property=\"og:site_name\" content=\"CTSQ\" \/>\n<meta property=\"article:modified_time\" content=\"2025-04-17T18:53:36+00:00\" \/>\n<meta property=\"og:image\" content=\"https:\/\/ctsq.qc.ca\/wp-content\/uploads\/2013\/08\/ATESC-Annual-Conference1.jpg\" \/>\n\t<meta property=\"og:image:width\" content=\"396\" \/>\n\t<meta property=\"og:image:height\" content=\"396\" \/>\n\t<meta property=\"og:image:type\" content=\"image\/jpeg\" \/>\n<meta name=\"twitter:label1\" content=\"Est. reading time\" \/>\n\t<meta name=\"twitter:data1\" content=\"4 minutes\" \/>\n<script type=\"application\/ld+json\" class=\"yoast-schema-graph\">{\"@context\":\"https:\/\/schema.org\",\"@graph\":[{\"@type\":\"WebPage\",\"@id\":\"https:\/\/ctsq.qc.ca\/en\/commotions\/\",\"url\":\"https:\/\/ctsq.qc.ca\/en\/commotions\/\",\"name\":\"Child & Adult Concussion Assessment Tool - CTSQ\",\"isPartOf\":{\"@id\":\"https:\/\/ctsq.qc.ca\/en\/#website\"},\"primaryImageOfPage\":{\"@id\":\"https:\/\/ctsq.qc.ca\/en\/commotions\/#primaryimage\"},\"image\":{\"@id\":\"https:\/\/ctsq.qc.ca\/en\/commotions\/#primaryimage\"},\"thumbnailUrl\":\"https:\/\/ctsq.qc.ca\/wp-content\/uploads\/2013\/08\/ATESC-Annual-Conference1.jpg\",\"datePublished\":\"2013-08-21T15:28:24+00:00\",\"dateModified\":\"2025-04-17T18:53:36+00:00\",\"description\":\"Is it a concussion or not? Indicating a concussion can be hard, use these assessment tools offered by CTSQ and discover what the signs mean.\",\"breadcrumb\":{\"@id\":\"https:\/\/ctsq.qc.ca\/en\/commotions\/#breadcrumb\"},\"inLanguage\":\"en-US\",\"potentialAction\":[{\"@type\":\"ReadAction\",\"target\":[\"https:\/\/ctsq.qc.ca\/en\/commotions\/\"]}]},{\"@type\":\"ImageObject\",\"inLanguage\":\"en-US\",\"@id\":\"https:\/\/ctsq.qc.ca\/en\/commotions\/#primaryimage\",\"url\":\"https:\/\/ctsq.qc.ca\/wp-content\/uploads\/2013\/08\/ATESC-Annual-Conference1.jpg\",\"contentUrl\":\"https:\/\/ctsq.qc.ca\/wp-content\/uploads\/2013\/08\/ATESC-Annual-Conference1.jpg\",\"width\":396,\"height\":396},{\"@type\":\"BreadcrumbList\",\"@id\":\"https:\/\/ctsq.qc.ca\/en\/commotions\/#breadcrumb\",\"itemListElement\":[{\"@type\":\"ListItem\",\"position\":1,\"name\":\"Home\",\"item\":\"https:\/\/ctsq.qc.ca\/en\/\"},{\"@type\":\"ListItem\",\"position\":2,\"name\":\"Concussions\"}]},{\"@type\":\"WebSite\",\"@id\":\"https:\/\/ctsq.qc.ca\/en\/#website\",\"url\":\"https:\/\/ctsq.qc.ca\/en\/\",\"name\":\"CTSQ\",\"description\":\"La corporation des th\u00e9rapeutes du sport du Qu\u00e9bec\",\"potentialAction\":[{\"@type\":\"SearchAction\",\"target\":{\"@type\":\"EntryPoint\",\"urlTemplate\":\"https:\/\/ctsq.qc.ca\/en\/?s={search_term_string}\"},\"query-input\":{\"@type\":\"PropertyValueSpecification\",\"valueRequired\":true,\"valueName\":\"search_term_string\"}}],\"inLanguage\":\"en-US\"}]}<\/script>\n<!-- \/ Yoast SEO plugin. -->","yoast_head_json":{"title":"Child & Adult Concussion Assessment Tool - CTSQ","description":"Is it a concussion or not? Indicating a concussion can be hard, use these assessment tools offered by CTSQ and discover what the signs mean.","robots":{"index":"index","follow":"follow","max-snippet":"max-snippet:-1","max-image-preview":"max-image-preview:large","max-video-preview":"max-video-preview:-1"},"canonical":"https:\/\/ctsq.qc.ca\/en\/commotions\/","og_locale":"en_US","og_type":"article","og_title":"Child & Adult Concussion Assessment Tool - CTSQ","og_description":"Is it a concussion or not? Indicating a concussion can be hard, use these assessment tools offered by CTSQ and discover what the signs mean.","og_url":"https:\/\/ctsq.qc.ca\/en\/commotions\/","og_site_name":"CTSQ","article_modified_time":"2025-04-17T18:53:36+00:00","og_image":[{"width":396,"height":396,"url":"https:\/\/ctsq.qc.ca\/wp-content\/uploads\/2013\/08\/ATESC-Annual-Conference1.jpg","type":"image\/jpeg"}],"twitter_misc":{"Est. reading time":"4 minutes"},"schema":{"@context":"https:\/\/schema.org","@graph":[{"@type":"WebPage","@id":"https:\/\/ctsq.qc.ca\/en\/commotions\/","url":"https:\/\/ctsq.qc.ca\/en\/commotions\/","name":"Child & Adult Concussion Assessment Tool - CTSQ","isPartOf":{"@id":"https:\/\/ctsq.qc.ca\/en\/#website"},"primaryImageOfPage":{"@id":"https:\/\/ctsq.qc.ca\/en\/commotions\/#primaryimage"},"image":{"@id":"https:\/\/ctsq.qc.ca\/en\/commotions\/#primaryimage"},"thumbnailUrl":"https:\/\/ctsq.qc.ca\/wp-content\/uploads\/2013\/08\/ATESC-Annual-Conference1.jpg","datePublished":"2013-08-21T15:28:24+00:00","dateModified":"2025-04-17T18:53:36+00:00","description":"Is it a concussion or not? Indicating a concussion can be hard, use these assessment tools offered by CTSQ and discover what the signs mean.","breadcrumb":{"@id":"https:\/\/ctsq.qc.ca\/en\/commotions\/#breadcrumb"},"inLanguage":"en-US","potentialAction":[{"@type":"ReadAction","target":["https:\/\/ctsq.qc.ca\/en\/commotions\/"]}]},{"@type":"ImageObject","inLanguage":"en-US","@id":"https:\/\/ctsq.qc.ca\/en\/commotions\/#primaryimage","url":"https:\/\/ctsq.qc.ca\/wp-content\/uploads\/2013\/08\/ATESC-Annual-Conference1.jpg","contentUrl":"https:\/\/ctsq.qc.ca\/wp-content\/uploads\/2013\/08\/ATESC-Annual-Conference1.jpg","width":396,"height":396},{"@type":"BreadcrumbList","@id":"https:\/\/ctsq.qc.ca\/en\/commotions\/#breadcrumb","itemListElement":[{"@type":"ListItem","position":1,"name":"Home","item":"https:\/\/ctsq.qc.ca\/en\/"},{"@type":"ListItem","position":2,"name":"Concussions"}]},{"@type":"WebSite","@id":"https:\/\/ctsq.qc.ca\/en\/#website","url":"https:\/\/ctsq.qc.ca\/en\/","name":"CTSQ","description":"La corporation des th\u00e9rapeutes du sport du Qu\u00e9bec","potentialAction":[{"@type":"SearchAction","target":{"@type":"EntryPoint","urlTemplate":"https:\/\/ctsq.qc.ca\/en\/?s={search_term_string}"},"query-input":{"@type":"PropertyValueSpecification","valueRequired":true,"valueName":"search_term_string"}}],"inLanguage":"en-US"}]}},"_links":{"self":[{"href":"https:\/\/ctsq.qc.ca\/en\/wp-json\/wp\/v2\/pages\/146","targetHints":{"allow":["GET"]}}],"collection":[{"href":"https:\/\/ctsq.qc.ca\/en\/wp-json\/wp\/v2\/pages"}],"about":[{"href":"https:\/\/ctsq.qc.ca\/en\/wp-json\/wp\/v2\/types\/page"}],"author":[{"embeddable":true,"href":"https:\/\/ctsq.qc.ca\/en\/wp-json\/wp\/v2\/users\/1"}],"replies":[{"embeddable":true,"href":"https:\/\/ctsq.qc.ca\/en\/wp-json\/wp\/v2\/comments?post=146"}],"version-history":[{"count":46,"href":"https:\/\/ctsq.qc.ca\/en\/wp-json\/wp\/v2\/pages\/146\/revisions"}],"predecessor-version":[{"id":18656,"href":"https:\/\/ctsq.qc.ca\/en\/wp-json\/wp\/v2\/pages\/146\/revisions\/18656"}],"wp:featuredmedia":[{"embeddable":true,"href":"https:\/\/ctsq.qc.ca\/en\/wp-json\/wp\/v2\/media\/568"}],"wp:attachment":[{"href":"https:\/\/ctsq.qc.ca\/en\/wp-json\/wp\/v2\/media?parent=146"}],"curies":[{"name":"wp","href":"https:\/\/api.w.org\/{rel}","templated":true}]}}