
{"id":255,"date":"2013-08-21T11:51:44","date_gmt":"2013-08-21T15:51:44","guid":{"rendered":"https:\/\/ctsq.qc.ca\/?page_id=255"},"modified":"2020-01-28T08:12:10","modified_gmt":"2020-01-28T13:12:10","slug":"helpful-links","status":"publish","type":"page","link":"https:\/\/ctsq.qc.ca\/en\/helpful-links\/","title":{"rendered":"Helpful Links"},"content":{"rendered":"[vc_row equal_height=&#8221;yes&#8221; content_placement=&#8221;middle&#8221;][vc_column width=&#8221;1\/5&#8243;][vc_single_image image=&#8221;9071&#8243; img_size=&#8221;full&#8221; alignment=&#8221;center&#8221; el_class=&#8221;img_ctsqleft&#8221;][\/vc_column][vc_column width=&#8221;4\/5&#8243;][vc_column_text el_class=&#8221;price_ctsq_container&#8221;]\n<h2 class=\"titl_linkhelp\"><strong>Helpful links<\/strong><\/h2>\n<ul>\n<li><a href=\"http:\/\/www.athletictherapy.org\/en\/index.aspx\" target=\"_blank\" rel=\"noopener noreferrer\">Canadian Athletic Therapists Association \u2013 CATA<\/a><\/li>\n<li><a href=\"http:\/\/www.nata.org\" target=\"_blank\" rel=\"noopener noreferrer\">The National Athletic Trainers Association<\/a><\/li>\n<li><a href=\"https:\/\/aqmse.org\" target=\"_blank\" rel=\"noopener noreferrer\">Association qu\u00e9b\u00e9coise des m\u00e9decins du sport et de l\u2019exercice \u2013 AQMSE<\/a>\u00a0(FR)<\/li>\n<\/ul>\n[\/vc_column_text][\/vc_column][\/vc_row]\n","protected":false},"excerpt":{"rendered":"<p>[vc_row equal_height=&#8221;yes&#8221; content_placement=&#8221;middle&#8221;][vc_column width=&#8221;1\/5&#8243;][vc_single_image image=&#8221;9071&#8243; img_size=&#8221;full&#8221; alignment=&#8221;center&#8221; el_class=&#8221;img_ctsqleft&#8221;][\/vc_column][vc_column width=&#8221;4\/5&#8243;][vc_column_text el_class=&#8221;price_ctsq_container&#8221;] Helpful links Canadian Athletic Therapists Association \u2013 CATA The National Athletic Trainers Association Association qu\u00e9b\u00e9coise des m\u00e9decins du sport et de l\u2019exercice \u2013 AQMSE\u00a0(FR) [\/vc_column_text][\/vc_column][\/vc_row]<\/p>\n","protected":false},"author":1,"featured_media":572,"parent":0,"menu_order":0,"comment_status":"open","ping_status":"closed","template":"","meta":{"_acf_changed":false,"pmpro_default_level":0,"footnotes":""},"class_list":["post-255","page","type-page","status-publish","has-post-thumbnail","hentry","pmpro-has-access"],"acf":[],"yoast_head":"<!-- This site is optimized with the Yoast SEO plugin v26.3 - https:\/\/yoast.com\/wordpress\/plugins\/seo\/ -->\n<title>Helpful Links \u2013 CTSQ<\/title>\n<meta name=\"description\" content=\"Learn more about Athletic Therapy using our helpful links to other Associations.\" \/>\n<meta name=\"robots\" content=\"index, follow, max-snippet:-1, max-image-preview:large, max-video-preview:-1\" \/>\n<link rel=\"canonical\" href=\"https:\/\/ctsq.qc.ca\/en\/helpful-links\/\" \/>\n<meta property=\"og:locale\" content=\"en_US\" \/>\n<meta property=\"og:type\" content=\"article\" \/>\n<meta property=\"og:title\" content=\"Helpful Links \u2013 CTSQ\" \/>\n<meta property=\"og:description\" content=\"Learn more about Athletic Therapy using our helpful links to other Associations.\" \/>\n<meta property=\"og:url\" content=\"https:\/\/ctsq.qc.ca\/en\/helpful-links\/\" \/>\n<meta property=\"og:site_name\" content=\"CTSQ\" \/>\n<meta property=\"article:modified_time\" content=\"2020-01-28T13:12:10+00:00\" \/>\n<meta property=\"og:image\" content=\"https:\/\/ctsq.qc.ca\/wp-content\/uploads\/2013\/08\/Governing-Documents.jpg\" \/>\n\t<meta property=\"og:image:width\" content=\"392\" \/>\n\t<meta property=\"og:image:height\" content=\"392\" \/>\n\t<meta property=\"og:image:type\" content=\"image\/jpeg\" \/>\n<script type=\"application\/ld+json\" class=\"yoast-schema-graph\">{\"@context\":\"https:\/\/schema.org\",\"@graph\":[{\"@type\":\"WebPage\",\"@id\":\"https:\/\/ctsq.qc.ca\/en\/helpful-links\/\",\"url\":\"https:\/\/ctsq.qc.ca\/en\/helpful-links\/\",\"name\":\"Helpful Links \u2013 CTSQ\",\"isPartOf\":{\"@id\":\"https:\/\/ctsq.qc.ca\/en\/#website\"},\"primaryImageOfPage\":{\"@id\":\"https:\/\/ctsq.qc.ca\/en\/helpful-links\/#primaryimage\"},\"image\":{\"@id\":\"https:\/\/ctsq.qc.ca\/en\/helpful-links\/#primaryimage\"},\"thumbnailUrl\":\"https:\/\/ctsq.qc.ca\/wp-content\/uploads\/2013\/08\/Governing-Documents.jpg\",\"datePublished\":\"2013-08-21T15:51:44+00:00\",\"dateModified\":\"2020-01-28T13:12:10+00:00\",\"description\":\"Learn more about Athletic Therapy using our helpful links to other Associations.\",\"breadcrumb\":{\"@id\":\"https:\/\/ctsq.qc.ca\/en\/helpful-links\/#breadcrumb\"},\"inLanguage\":\"en-US\",\"potentialAction\":[{\"@type\":\"ReadAction\",\"target\":[\"https:\/\/ctsq.qc.ca\/en\/helpful-links\/\"]}]},{\"@type\":\"ImageObject\",\"inLanguage\":\"en-US\",\"@id\":\"https:\/\/ctsq.qc.ca\/en\/helpful-links\/#primaryimage\",\"url\":\"https:\/\/ctsq.qc.ca\/wp-content\/uploads\/2013\/08\/Governing-Documents.jpg\",\"contentUrl\":\"https:\/\/ctsq.qc.ca\/wp-content\/uploads\/2013\/08\/Governing-Documents.jpg\",\"width\":392,\"height\":392},{\"@type\":\"BreadcrumbList\",\"@id\":\"https:\/\/ctsq.qc.ca\/en\/helpful-links\/#breadcrumb\",\"itemListElement\":[{\"@type\":\"ListItem\",\"position\":1,\"name\":\"Home\",\"item\":\"https:\/\/ctsq.qc.ca\/en\/\"},{\"@type\":\"ListItem\",\"position\":2,\"name\":\"Helpful Links\"}]},{\"@type\":\"WebSite\",\"@id\":\"https:\/\/ctsq.qc.ca\/en\/#website\",\"url\":\"https:\/\/ctsq.qc.ca\/en\/\",\"name\":\"CTSQ\",\"description\":\"La corporation des th\u00e9rapeutes du sport du Qu\u00e9bec\",\"potentialAction\":[{\"@type\":\"SearchAction\",\"target\":{\"@type\":\"EntryPoint\",\"urlTemplate\":\"https:\/\/ctsq.qc.ca\/en\/?s={search_term_string}\"},\"query-input\":{\"@type\":\"PropertyValueSpecification\",\"valueRequired\":true,\"valueName\":\"search_term_string\"}}],\"inLanguage\":\"en-US\"}]}<\/script>\n<!-- \/ Yoast SEO plugin. -->","yoast_head_json":{"title":"Helpful Links \u2013 CTSQ","description":"Learn more about Athletic Therapy using our helpful links to other Associations.","robots":{"index":"index","follow":"follow","max-snippet":"max-snippet:-1","max-image-preview":"max-image-preview:large","max-video-preview":"max-video-preview:-1"},"canonical":"https:\/\/ctsq.qc.ca\/en\/helpful-links\/","og_locale":"en_US","og_type":"article","og_title":"Helpful Links \u2013 CTSQ","og_description":"Learn more about Athletic Therapy using our helpful links to other Associations.","og_url":"https:\/\/ctsq.qc.ca\/en\/helpful-links\/","og_site_name":"CTSQ","article_modified_time":"2020-01-28T13:12:10+00:00","og_image":[{"width":392,"height":392,"url":"https:\/\/ctsq.qc.ca\/wp-content\/uploads\/2013\/08\/Governing-Documents.jpg","type":"image\/jpeg"}],"schema":{"@context":"https:\/\/schema.org","@graph":[{"@type":"WebPage","@id":"https:\/\/ctsq.qc.ca\/en\/helpful-links\/","url":"https:\/\/ctsq.qc.ca\/en\/helpful-links\/","name":"Helpful Links \u2013 CTSQ","isPartOf":{"@id":"https:\/\/ctsq.qc.ca\/en\/#website"},"primaryImageOfPage":{"@id":"https:\/\/ctsq.qc.ca\/en\/helpful-links\/#primaryimage"},"image":{"@id":"https:\/\/ctsq.qc.ca\/en\/helpful-links\/#primaryimage"},"thumbnailUrl":"https:\/\/ctsq.qc.ca\/wp-content\/uploads\/2013\/08\/Governing-Documents.jpg","datePublished":"2013-08-21T15:51:44+00:00","dateModified":"2020-01-28T13:12:10+00:00","description":"Learn more about Athletic Therapy using our helpful links to other Associations.","breadcrumb":{"@id":"https:\/\/ctsq.qc.ca\/en\/helpful-links\/#breadcrumb"},"inLanguage":"en-US","potentialAction":[{"@type":"ReadAction","target":["https:\/\/ctsq.qc.ca\/en\/helpful-links\/"]}]},{"@type":"ImageObject","inLanguage":"en-US","@id":"https:\/\/ctsq.qc.ca\/en\/helpful-links\/#primaryimage","url":"https:\/\/ctsq.qc.ca\/wp-content\/uploads\/2013\/08\/Governing-Documents.jpg","contentUrl":"https:\/\/ctsq.qc.ca\/wp-content\/uploads\/2013\/08\/Governing-Documents.jpg","width":392,"height":392},{"@type":"BreadcrumbList","@id":"https:\/\/ctsq.qc.ca\/en\/helpful-links\/#breadcrumb","itemListElement":[{"@type":"ListItem","position":1,"name":"Home","item":"https:\/\/ctsq.qc.ca\/en\/"},{"@type":"ListItem","position":2,"name":"Helpful Links"}]},{"@type":"WebSite","@id":"https:\/\/ctsq.qc.ca\/en\/#website","url":"https:\/\/ctsq.qc.ca\/en\/","name":"CTSQ","description":"La corporation des th\u00e9rapeutes du sport du Qu\u00e9bec","potentialAction":[{"@type":"SearchAction","target":{"@type":"EntryPoint","urlTemplate":"https:\/\/ctsq.qc.ca\/en\/?s={search_term_string}"},"query-input":{"@type":"PropertyValueSpecification","valueRequired":true,"valueName":"search_term_string"}}],"inLanguage":"en-US"}]}},"_links":{"self":[{"href":"https:\/\/ctsq.qc.ca\/en\/wp-json\/wp\/v2\/pages\/255","targetHints":{"allow":["GET"]}}],"collection":[{"href":"https:\/\/ctsq.qc.ca\/en\/wp-json\/wp\/v2\/pages"}],"about":[{"href":"https:\/\/ctsq.qc.ca\/en\/wp-json\/wp\/v2\/types\/page"}],"author":[{"embeddable":true,"href":"https:\/\/ctsq.qc.ca\/en\/wp-json\/wp\/v2\/users\/1"}],"replies":[{"embeddable":true,"href":"https:\/\/ctsq.qc.ca\/en\/wp-json\/wp\/v2\/comments?post=255"}],"version-history":[{"count":10,"href":"https:\/\/ctsq.qc.ca\/en\/wp-json\/wp\/v2\/pages\/255\/revisions"}],"predecessor-version":[{"id":9112,"href":"https:\/\/ctsq.qc.ca\/en\/wp-json\/wp\/v2\/pages\/255\/revisions\/9112"}],"wp:featuredmedia":[{"embeddable":true,"href":"https:\/\/ctsq.qc.ca\/en\/wp-json\/wp\/v2\/media\/572"}],"wp:attachment":[{"href":"https:\/\/ctsq.qc.ca\/en\/wp-json\/wp\/v2\/media?parent=255"}],"curies":[{"name":"wp","href":"https:\/\/api.w.org\/{rel}","templated":true}]}}