
{"id":49,"date":"2013-07-17T17:31:39","date_gmt":"2013-07-17T21:31:39","guid":{"rendered":"https:\/\/ctsq.qc.ca\/?page_id=49"},"modified":"2020-03-10T10:55:37","modified_gmt":"2020-03-10T14:55:37","slug":"contact","status":"publish","type":"page","link":"https:\/\/ctsq.qc.ca\/en\/contact\/","title":{"rendered":"Contact Us"},"content":{"rendered":"[vc_row equal_height=&#8221;yes&#8221; content_placement=&#8221;middle&#8221;][vc_column width=&#8221;3\/4&#8243;][vc_column_text]<strong>La Corporation des Th\u00e9rapeutes du sport du Qu\u00e9bec (CTSQ)<\/strong><br \/>\nC.P. 884 Succ. Desjardins<br \/>\nMontr\u00e9al (Qu\u00e9bec) H5B 1B9<br \/>\n514-616-4352<\/p>\n<p>For inquiries, please contact\u00a0<a href=\"mailto:direction@ctsq.qc.ca\">direction@ctsq.qc.ca<\/a>.<\/p>\n<p><a href=\"https:\/\/www.facebook.com\/therapeutesdusport\" target=\"_blank\" rel=\"noopener noreferrer\">Follow us on Facebook<\/a>[\/vc_column_text][\/vc_column][vc_column width=&#8221;1\/4&#8243;][vc_single_image image=&#8221;8750&#8243; img_size=&#8221;full&#8221; alignment=&#8221;center&#8221; el_class=&#8221;img_ctsqleft&#8221;][\/vc_column][\/vc_row]\n","protected":false},"excerpt":{"rendered":"<p>[vc_row equal_height=&#8221;yes&#8221; content_placement=&#8221;middle&#8221;][vc_column width=&#8221;3\/4&#8243;][vc_column_text]La Corporation des Th\u00e9rapeutes du sport du Qu\u00e9bec (CTSQ) C.P. 884 Succ. Desjardins Montr\u00e9al (Qu\u00e9bec) H5B 1B9 514-616-4352 For inquiries, please contact\u00a0direction@ctsq.qc.ca. Follow us on Facebook[\/vc_column_text][\/vc_column][vc_column width=&#8221;1\/4&#8243;][vc_single_image image=&#8221;8750&#8243; img_size=&#8221;full&#8221; alignment=&#8221;center&#8221; el_class=&#8221;img_ctsqleft&#8221;][\/vc_column][\/vc_row]<\/p>\n","protected":false},"author":1,"featured_media":0,"parent":0,"menu_order":0,"comment_status":"open","ping_status":"closed","template":"","meta":{"_acf_changed":false,"pmpro_default_level":0,"footnotes":""},"class_list":["post-49","page","type-page","status-publish","hentry","pmpro-has-access"],"acf":[],"yoast_head":"<!-- This site is optimized with the Yoast SEO plugin v26.3 - https:\/\/yoast.com\/wordpress\/plugins\/seo\/ -->\n<title>Contact Us - CTSQ<\/title>\n<meta name=\"description\" content=\"For more information on CTSQ\u2019s organization and membership services, contact us today.\" \/>\n<meta name=\"robots\" content=\"index, follow, max-snippet:-1, max-image-preview:large, max-video-preview:-1\" \/>\n<link rel=\"canonical\" href=\"https:\/\/ctsq.qc.ca\/en\/contact\/\" \/>\n<meta property=\"og:locale\" content=\"en_US\" \/>\n<meta property=\"og:type\" content=\"article\" \/>\n<meta property=\"og:title\" content=\"Contact Us - CTSQ\" \/>\n<meta property=\"og:description\" content=\"For more information on CTSQ\u2019s organization and membership services, contact us today.\" \/>\n<meta property=\"og:url\" content=\"https:\/\/ctsq.qc.ca\/en\/contact\/\" \/>\n<meta property=\"og:site_name\" content=\"CTSQ\" \/>\n<meta property=\"article:modified_time\" content=\"2020-03-10T14:55:37+00:00\" \/>\n<script type=\"application\/ld+json\" class=\"yoast-schema-graph\">{\"@context\":\"https:\/\/schema.org\",\"@graph\":[{\"@type\":\"WebPage\",\"@id\":\"https:\/\/ctsq.qc.ca\/en\/contact\/\",\"url\":\"https:\/\/ctsq.qc.ca\/en\/contact\/\",\"name\":\"Contact Us - CTSQ\",\"isPartOf\":{\"@id\":\"https:\/\/ctsq.qc.ca\/en\/#website\"},\"datePublished\":\"2013-07-17T21:31:39+00:00\",\"dateModified\":\"2020-03-10T14:55:37+00:00\",\"description\":\"For more information on CTSQ\u2019s organization and membership services, contact us today.\",\"breadcrumb\":{\"@id\":\"https:\/\/ctsq.qc.ca\/en\/contact\/#breadcrumb\"},\"inLanguage\":\"en-US\",\"potentialAction\":[{\"@type\":\"ReadAction\",\"target\":[\"https:\/\/ctsq.qc.ca\/en\/contact\/\"]}]},{\"@type\":\"BreadcrumbList\",\"@id\":\"https:\/\/ctsq.qc.ca\/en\/contact\/#breadcrumb\",\"itemListElement\":[{\"@type\":\"ListItem\",\"position\":1,\"name\":\"Home\",\"item\":\"https:\/\/ctsq.qc.ca\/en\/\"},{\"@type\":\"ListItem\",\"position\":2,\"name\":\"Contact Us\"}]},{\"@type\":\"WebSite\",\"@id\":\"https:\/\/ctsq.qc.ca\/en\/#website\",\"url\":\"https:\/\/ctsq.qc.ca\/en\/\",\"name\":\"CTSQ\",\"description\":\"La corporation des th\u00e9rapeutes du sport du Qu\u00e9bec\",\"potentialAction\":[{\"@type\":\"SearchAction\",\"target\":{\"@type\":\"EntryPoint\",\"urlTemplate\":\"https:\/\/ctsq.qc.ca\/en\/?s={search_term_string}\"},\"query-input\":{\"@type\":\"PropertyValueSpecification\",\"valueRequired\":true,\"valueName\":\"search_term_string\"}}],\"inLanguage\":\"en-US\"}]}<\/script>\n<!-- \/ Yoast SEO plugin. -->","yoast_head_json":{"title":"Contact Us - CTSQ","description":"For more information on CTSQ\u2019s organization and membership services, contact us today.","robots":{"index":"index","follow":"follow","max-snippet":"max-snippet:-1","max-image-preview":"max-image-preview:large","max-video-preview":"max-video-preview:-1"},"canonical":"https:\/\/ctsq.qc.ca\/en\/contact\/","og_locale":"en_US","og_type":"article","og_title":"Contact Us - CTSQ","og_description":"For more information on CTSQ\u2019s organization and membership services, contact us today.","og_url":"https:\/\/ctsq.qc.ca\/en\/contact\/","og_site_name":"CTSQ","article_modified_time":"2020-03-10T14:55:37+00:00","schema":{"@context":"https:\/\/schema.org","@graph":[{"@type":"WebPage","@id":"https:\/\/ctsq.qc.ca\/en\/contact\/","url":"https:\/\/ctsq.qc.ca\/en\/contact\/","name":"Contact Us - CTSQ","isPartOf":{"@id":"https:\/\/ctsq.qc.ca\/en\/#website"},"datePublished":"2013-07-17T21:31:39+00:00","dateModified":"2020-03-10T14:55:37+00:00","description":"For more information on CTSQ\u2019s organization and membership services, contact us today.","breadcrumb":{"@id":"https:\/\/ctsq.qc.ca\/en\/contact\/#breadcrumb"},"inLanguage":"en-US","potentialAction":[{"@type":"ReadAction","target":["https:\/\/ctsq.qc.ca\/en\/contact\/"]}]},{"@type":"BreadcrumbList","@id":"https:\/\/ctsq.qc.ca\/en\/contact\/#breadcrumb","itemListElement":[{"@type":"ListItem","position":1,"name":"Home","item":"https:\/\/ctsq.qc.ca\/en\/"},{"@type":"ListItem","position":2,"name":"Contact Us"}]},{"@type":"WebSite","@id":"https:\/\/ctsq.qc.ca\/en\/#website","url":"https:\/\/ctsq.qc.ca\/en\/","name":"CTSQ","description":"La corporation des th\u00e9rapeutes du sport du Qu\u00e9bec","potentialAction":[{"@type":"SearchAction","target":{"@type":"EntryPoint","urlTemplate":"https:\/\/ctsq.qc.ca\/en\/?s={search_term_string}"},"query-input":{"@type":"PropertyValueSpecification","valueRequired":true,"valueName":"search_term_string"}}],"inLanguage":"en-US"}]}},"_links":{"self":[{"href":"https:\/\/ctsq.qc.ca\/en\/wp-json\/wp\/v2\/pages\/49","targetHints":{"allow":["GET"]}}],"collection":[{"href":"https:\/\/ctsq.qc.ca\/en\/wp-json\/wp\/v2\/pages"}],"about":[{"href":"https:\/\/ctsq.qc.ca\/en\/wp-json\/wp\/v2\/types\/page"}],"author":[{"embeddable":true,"href":"https:\/\/ctsq.qc.ca\/en\/wp-json\/wp\/v2\/users\/1"}],"replies":[{"embeddable":true,"href":"https:\/\/ctsq.qc.ca\/en\/wp-json\/wp\/v2\/comments?post=49"}],"version-history":[{"count":15,"href":"https:\/\/ctsq.qc.ca\/en\/wp-json\/wp\/v2\/pages\/49\/revisions"}],"predecessor-version":[{"id":11377,"href":"https:\/\/ctsq.qc.ca\/en\/wp-json\/wp\/v2\/pages\/49\/revisions\/11377"}],"wp:attachment":[{"href":"https:\/\/ctsq.qc.ca\/en\/wp-json\/wp\/v2\/media?parent=49"}],"curies":[{"name":"wp","href":"https:\/\/api.w.org\/{rel}","templated":true}]}}