
{"id":8168,"date":"2019-05-31T19:14:50","date_gmt":"2019-05-31T19:14:50","guid":{"rendered":"https:\/\/ctsq.qc.ca\/?page_id=8168"},"modified":"2025-11-12T19:14:40","modified_gmt":"2025-11-13T00:14:40","slug":"medias","status":"publish","type":"page","link":"https:\/\/ctsq.qc.ca\/en\/medias\/","title":{"rendered":"Medias"},"content":{"rendered":"[vc_row equal_height=&#8221;yes&#8221; content_placement=&#8221;middle&#8221;][vc_column width=&#8221;2\/3&#8243;][vc_column_text el_class=&#8221;price_ctsq_container&#8221;]\n<h4 style=\"border-bottom: 1px solid #989898;\"><strong>Contact<\/strong><\/h4>\n<p>Roland Mailhot, public relationship associate<\/p>\n<p><a href=\"mailto:r.mailhot@ctsq.qc.ca\">r.mailhot@ctsq.qc.ca<\/a> | 514-718-1311<\/p>\n<h4 style=\"border-bottom: 1px solid #989898;\"><strong>Published Press Releases<\/strong><\/h4>\n<ul style=\"padding-left: 3%;\">\n<li><a href=\"https:\/\/ctsq.qc.ca\/wp-content\/uploads\/2025\/11\/2025-11-12-Preparation-hiver.pdf\" target=\"_blank\" rel=\"noopener\">November 12, 2025 &#8211; Pr\u00e9paration aux sports d&#8217;hiver<\/a><\/li>\n<li><a href=\"https:\/\/ctsq.qc.ca\/wp-content\/uploads\/2025\/10\/2025-10-16-Marc-Antoine-Dore-a-la-Conference-Internationale.pdf\" target=\"_blank\" rel=\"noopener\">October 16, 2025 &#8211; Marc-Antoine Dor\u00e9 \u00e0 la Conf\u00e9rence Internationale<\/a><\/li>\n<li><a href=\"https:\/\/ctsq.qc.ca\/wp-content\/uploads\/2025\/05\/2025-04-16-Preparation-aux-sports-et-loisirs-dete.pdf\" target=\"_blank\" rel=\"noopener\">April 16, 2025 &#8211; Pr\u00e9paration aux sports d&#8217;\u00e9t\u00e9<\/a><\/li>\n<li><a href=\"https:\/\/ctsq.qc.ca\/wp-content\/uploads\/2025\/01\/2025-01-10-Commotions-cerebrales-autorisation-retour-au-jeu.pdf\" target=\"_blank\" rel=\"noopener\">January 10, 2025 &#8211; Commotions c\u00e9r\u00e9brales : autorisation de retour au jeu<\/a><\/li>\n<li><a href=\"https:\/\/ctsq.qc.ca\/wp-content\/uploads\/2024\/11\/2024-11-27-Preparation-sport-hiver.pdf\" target=\"_blank\" rel=\"noopener\">November 27, 2024 &#8211; Soyez pr\u00eat pour la saison hivernale<\/a><\/li>\n<li><a href=\"https:\/\/ctsq.qc.ca\/wp-content\/uploads\/2023\/11\/2023-11-22-Preparation-activites-hivernales.pdf\" target=\"_blank\" rel=\"noopener\">November 22, 2023 &#8211; Pr\u00e9paration aux activit\u00e9s hivernales<\/a><\/li>\n<li><a href=\"https:\/\/ctsq.qc.ca\/wp-content\/uploads\/2023\/09\/2023-09-21-Journee-internationale-de-la-therapie-du-sport-2023.pdf\" target=\"_blank\" rel=\"noopener\">September 21, 2023 &#8211; Journ\u00e9e internationale de la th\u00e9rapie du sport 2023<\/a><\/li>\n<li><a href=\"https:\/\/ctsq.qc.ca\/wp-content\/uploads\/2023\/05\/2023-05-26-CTSQ-35eme-anniversaire.pdf\" target=\"_blank\" rel=\"noopener\">May 25, 2023 &#8211; 35e anniversaire de la CTSQ<\/a><\/li>\n<li><a href=\"https:\/\/ctsq.qc.ca\/wp-content\/uploads\/2023\/04\/2023-04-26-Preparation-Journee-nationale-du-sport-et-de-lactivite-physique.pdf\" target=\"_blank\" rel=\"noopener\">April 26, 2023 &#8211; Pr\u00e9paration Journ\u00e9e nationale du sport et de l&#8217;activit\u00e9 physique<\/a><\/li>\n<li><a href=\"https:\/\/ctsq.qc.ca\/wp-content\/uploads\/2022\/11\/2022-11-15-Preparation-aux-activites-de-lhiver.pdf\" target=\"_blank\" rel=\"noopener\">November 15, 2022 &#8211; Pr\u00e9paration aux activit\u00e9s de l&#8217;hiver<\/a><\/li>\n<li><a href=\"https:\/\/ctsq.qc.ca\/wp-content\/uploads\/2022\/10\/2022-09-30-Gestion-des-commotions-cerebrales-dans-le-sport-professionnel.docx.pdf\" target=\"_blank\" rel=\"noopener\">September 30, 2022 &#8211; Gestion des commotions c\u00e9r\u00e9brales dans le sport professionnel<\/a><\/li>\n<li><a href=\"https:\/\/ctsq.qc.ca\/wp-content\/uploads\/2022\/09\/2022-09-21-Journee-internationale-des-therapeutes-du-sport.pdf\" target=\"_blank\" rel=\"noopener\">September 21, 2022 &#8211; Journ\u00e9e internationale de la th\u00e9rapie du sport<\/a><\/li>\n<li><a href=\"https:\/\/ctsq.qc.ca\/wp-content\/uploads\/2022\/05\/2022-05-10-La-preparation-necessaire-a-la-pratique-du-golf.pdf\">May 10, 2022 &#8211; Pr\u00e9paration \u00e0 la pratique du golf<\/a><\/li>\n<li><a href=\"https:\/\/ctsq.qc.ca\/wp-content\/uploads\/2021\/11\/2021-11-23-Preparation-activites-sports-hiver.pdf\">November 23, 2021 &#8211; Pr\u00e9paration \u00e0 la saison hivernal<\/a><\/li>\n<li><a href=\"https:\/\/ctsq.qc.ca\/wp-content\/uploads\/2021\/09\/2021-09-15-La-rentree-scolaire-sportive.pdf\">September 15, 2021 &#8211; La rentr\u00e9e scolaire sportive<\/a><\/li>\n<li><a href=\"https:\/\/ctsq.qc.ca\/wp-content\/uploads\/2021\/09\/2021-06-15-Juin-mois-des-therapeutes-du-sport.pdf\">June 15, 2021 &#8211; Juin, le mois des th\u00e9rapeutes du sport<\/a><\/li>\n<li><a href=\"https:\/\/ctsq.qc.ca\/wp-content\/uploads\/2021\/09\/2021-04-18-Le-gouvernement-accepte-loffre-daide.pdf\">April 18, 2021 &#8211; Le gouvernement accepte l&#8217;aide de la CTSQ<\/a><\/li>\n<li><a href=\"https:\/\/ctsq.qc.ca\/wp-content\/uploads\/2021\/09\/2021-04-01-CTSQ-offre-son-aide-pour-administrer-des-vaccins.pdf\">April 1, 2021 &#8211; La CTSQ offre son aide pour la vaccination<\/a><\/li>\n<li><a href=\"https:\/\/ctsq.qc.ca\/wp-content\/uploads\/2021\/09\/2020-12-18-Resolutions-du-nouvel-an.pdf\">December 18, 2020 &#8211; Les th\u00e9rapeutes du sport et vos r\u00e9solutions du nouvel an<\/a><\/li>\n<li><a href=\"https:\/\/ctsq.qc.ca\/wp-content\/uploads\/2021\/09\/2020-11-12-Preparation-sports-dhiver.pdf\">November 12, 2020 &#8211; Pr\u00e9paration aux sports d&#8217;hiver<\/a><\/li>\n<li><a href=\"https:\/\/ctsq.qc.ca\/wp-content\/uploads\/2021\/09\/2020-10-06-Refonte-gestion-commotion-cerebrale.pdf\">October 6, 2020 &#8211; Refonte des lignes directrices de gestion des commotions c\u00e9r\u00e9brales<\/a><\/li>\n<li><a href=\"https:\/\/ctsq.qc.ca\/wp-content\/uploads\/2021\/09\/2020-05-29-Reouverture-cliniques.pdf\">May 29, 2020 &#8211; R\u00e9ouvertures des cliniques en th\u00e9rapie du sport<\/a><\/li>\n<li><a href=\"https:\/\/ctsq.qc.ca\/wp-content\/uploads\/2021\/09\/2020-04-23-CTSQ-aide-contre-la-COVID-19.pdf\">April 23, 2020 &#8211; La CTSQ offre des professionnels pour aider dans la crise<\/a><\/li>\n<li><a href=\"https:\/\/ctsq.qc.ca\/wp-content\/uploads\/2021\/09\/2019-11-07-Preparation-pour-le-ski.pdf\">November 7, 2019 &#8211; Pr\u00e9paration pour le ski<\/a><\/li>\n<li><a href=\"https:\/\/ctsq.qc.ca\/wp-content\/uploads\/2021\/09\/2019-09-25-Strategie-commotion.pdf\">September 25, 2019 &#8211; Strat\u00e9gie commotion c\u00e9r\u00e9brale<\/a><\/li>\n<li><a href=\"https:\/\/ctsq.qc.ca\/wp-content\/uploads\/2021\/09\/2019-06-03-Rencontre-ministre-Charest.pdf\">June 3, 2019 &#8211; Rencontre avec la ministre Charest<\/a><\/li>\n<li><a href=\"https:\/\/ctsq.qc.ca\/wp-content\/uploads\/2019\/05\/2019-05-30-Rapport-blessure.pdf\">May 30, 2019 &#8211; \u00c9tude sur les blessures sportives<\/a><\/li>\n<li><a href=\"https:\/\/ctsq.qc.ca\/wp-content\/uploads\/2019\/05\/2019-02-28-Registre-commotion.pdf\">February 28, 2019 &#8211; Registre des commotions c\u00e9r\u00e9brales<\/a><\/li>\n<\/ul>\n[\/vc_column_text][\/vc_column][vc_column width=&#8221;1\/3&#8243;][vc_single_image image=&#8221;9084&#8243; img_size=&#8221;full&#8221; alignment=&#8221;center&#8221; el_class=&#8221;img_ctsqleft&#8221;][\/vc_column][\/vc_row]\n","protected":false},"excerpt":{"rendered":"<p>[vc_row equal_height=&#8221;yes&#8221; content_placement=&#8221;middle&#8221;][vc_column width=&#8221;2\/3&#8243;][vc_column_text el_class=&#8221;price_ctsq_container&#8221;] Contact Roland Mailhot, public relationship associate r.mailhot@ctsq.qc.ca | 514-718-1311 Published Press Releases November 12, 2025 &#8211; Pr\u00e9paration aux sports d&#8217;hiver October 16, 2025 &#8211; Marc-Antoine Dor\u00e9 \u00e0 la Conf\u00e9rence Internationale April 16, 2025 &#8211; Pr\u00e9paration aux sports d&#8217;\u00e9t\u00e9 January 10, 2025 &#8211; Commotions c\u00e9r\u00e9brales : autorisation de retour au jeu [&hellip;]<\/p>\n","protected":false},"author":1,"featured_media":8164,"parent":0,"menu_order":0,"comment_status":"closed","ping_status":"closed","template":"","meta":{"_acf_changed":false,"pmpro_default_level":0,"footnotes":""},"class_list":["post-8168","page","type-page","status-publish","has-post-thumbnail","hentry","pmpro-has-access"],"acf":[],"yoast_head":"<!-- This site is optimized with the Yoast SEO plugin v26.3 - https:\/\/yoast.com\/wordpress\/plugins\/seo\/ -->\n<title>Medias - CTSQ<\/title>\n<meta name=\"robots\" content=\"index, follow, max-snippet:-1, max-image-preview:large, max-video-preview:-1\" \/>\n<link rel=\"canonical\" href=\"https:\/\/ctsq.qc.ca\/en\/medias\/\" \/>\n<meta property=\"og:locale\" content=\"en_US\" \/>\n<meta property=\"og:type\" content=\"article\" \/>\n<meta property=\"og:title\" content=\"Medias - CTSQ\" \/>\n<meta property=\"og:description\" content=\"[vc_row equal_height=&#8221;yes&#8221; content_placement=&#8221;middle&#8221;][vc_column width=&#8221;2\/3&#8243;][vc_column_text el_class=&#8221;price_ctsq_container&#8221;] Contact Roland Mailhot, public relationship associate r.mailhot@ctsq.qc.ca | 514-718-1311 Published Press Releases November 12, 2025 &#8211; Pr\u00e9paration aux sports d&#8217;hiver October 16, 2025 &#8211; Marc-Antoine Dor\u00e9 \u00e0 la Conf\u00e9rence Internationale April 16, 2025 &#8211; Pr\u00e9paration aux sports d&#8217;\u00e9t\u00e9 January 10, 2025 &#8211; Commotions c\u00e9r\u00e9brales : autorisation de retour au jeu [&hellip;]\" \/>\n<meta property=\"og:url\" content=\"https:\/\/ctsq.qc.ca\/en\/medias\/\" \/>\n<meta property=\"og:site_name\" content=\"CTSQ\" \/>\n<meta property=\"article:modified_time\" content=\"2025-11-13T00:14:40+00:00\" \/>\n<meta property=\"og:image\" content=\"https:\/\/ctsq.qc.ca\/wp-content\/uploads\/2019\/05\/100689680_low.jpg\" \/>\n\t<meta property=\"og:image:width\" content=\"655\" \/>\n\t<meta property=\"og:image:height\" content=\"368\" \/>\n\t<meta property=\"og:image:type\" content=\"image\/jpeg\" \/>\n<meta name=\"twitter:label1\" content=\"Est. reading time\" \/>\n\t<meta name=\"twitter:data1\" content=\"2 minutes\" \/>\n<script type=\"application\/ld+json\" class=\"yoast-schema-graph\">{\"@context\":\"https:\/\/schema.org\",\"@graph\":[{\"@type\":\"WebPage\",\"@id\":\"https:\/\/ctsq.qc.ca\/en\/medias\/\",\"url\":\"https:\/\/ctsq.qc.ca\/en\/medias\/\",\"name\":\"Medias - CTSQ\",\"isPartOf\":{\"@id\":\"https:\/\/ctsq.qc.ca\/en\/#website\"},\"primaryImageOfPage\":{\"@id\":\"https:\/\/ctsq.qc.ca\/en\/medias\/#primaryimage\"},\"image\":{\"@id\":\"https:\/\/ctsq.qc.ca\/en\/medias\/#primaryimage\"},\"thumbnailUrl\":\"https:\/\/ctsq.qc.ca\/wp-content\/uploads\/2019\/05\/100689680_low.jpg\",\"datePublished\":\"2019-05-31T19:14:50+00:00\",\"dateModified\":\"2025-11-13T00:14:40+00:00\",\"breadcrumb\":{\"@id\":\"https:\/\/ctsq.qc.ca\/en\/medias\/#breadcrumb\"},\"inLanguage\":\"en-US\",\"potentialAction\":[{\"@type\":\"ReadAction\",\"target\":[\"https:\/\/ctsq.qc.ca\/en\/medias\/\"]}]},{\"@type\":\"ImageObject\",\"inLanguage\":\"en-US\",\"@id\":\"https:\/\/ctsq.qc.ca\/en\/medias\/#primaryimage\",\"url\":\"https:\/\/ctsq.qc.ca\/wp-content\/uploads\/2019\/05\/100689680_low.jpg\",\"contentUrl\":\"https:\/\/ctsq.qc.ca\/wp-content\/uploads\/2019\/05\/100689680_low.jpg\",\"width\":655,\"height\":368},{\"@type\":\"BreadcrumbList\",\"@id\":\"https:\/\/ctsq.qc.ca\/en\/medias\/#breadcrumb\",\"itemListElement\":[{\"@type\":\"ListItem\",\"position\":1,\"name\":\"Home\",\"item\":\"https:\/\/ctsq.qc.ca\/en\/\"},{\"@type\":\"ListItem\",\"position\":2,\"name\":\"Medias\"}]},{\"@type\":\"WebSite\",\"@id\":\"https:\/\/ctsq.qc.ca\/en\/#website\",\"url\":\"https:\/\/ctsq.qc.ca\/en\/\",\"name\":\"CTSQ\",\"description\":\"La corporation des th\u00e9rapeutes du sport du Qu\u00e9bec\",\"potentialAction\":[{\"@type\":\"SearchAction\",\"target\":{\"@type\":\"EntryPoint\",\"urlTemplate\":\"https:\/\/ctsq.qc.ca\/en\/?s={search_term_string}\"},\"query-input\":{\"@type\":\"PropertyValueSpecification\",\"valueRequired\":true,\"valueName\":\"search_term_string\"}}],\"inLanguage\":\"en-US\"}]}<\/script>\n<!-- \/ Yoast SEO plugin. -->","yoast_head_json":{"title":"Medias - CTSQ","robots":{"index":"index","follow":"follow","max-snippet":"max-snippet:-1","max-image-preview":"max-image-preview:large","max-video-preview":"max-video-preview:-1"},"canonical":"https:\/\/ctsq.qc.ca\/en\/medias\/","og_locale":"en_US","og_type":"article","og_title":"Medias - CTSQ","og_description":"[vc_row equal_height=&#8221;yes&#8221; content_placement=&#8221;middle&#8221;][vc_column width=&#8221;2\/3&#8243;][vc_column_text el_class=&#8221;price_ctsq_container&#8221;] Contact Roland Mailhot, public relationship associate r.mailhot@ctsq.qc.ca | 514-718-1311 Published Press Releases November 12, 2025 &#8211; Pr\u00e9paration aux sports d&#8217;hiver October 16, 2025 &#8211; Marc-Antoine Dor\u00e9 \u00e0 la Conf\u00e9rence Internationale April 16, 2025 &#8211; Pr\u00e9paration aux sports d&#8217;\u00e9t\u00e9 January 10, 2025 &#8211; Commotions c\u00e9r\u00e9brales : autorisation de retour au jeu [&hellip;]","og_url":"https:\/\/ctsq.qc.ca\/en\/medias\/","og_site_name":"CTSQ","article_modified_time":"2025-11-13T00:14:40+00:00","og_image":[{"width":655,"height":368,"url":"https:\/\/ctsq.qc.ca\/wp-content\/uploads\/2019\/05\/100689680_low.jpg","type":"image\/jpeg"}],"twitter_misc":{"Est. reading time":"2 minutes"},"schema":{"@context":"https:\/\/schema.org","@graph":[{"@type":"WebPage","@id":"https:\/\/ctsq.qc.ca\/en\/medias\/","url":"https:\/\/ctsq.qc.ca\/en\/medias\/","name":"Medias - CTSQ","isPartOf":{"@id":"https:\/\/ctsq.qc.ca\/en\/#website"},"primaryImageOfPage":{"@id":"https:\/\/ctsq.qc.ca\/en\/medias\/#primaryimage"},"image":{"@id":"https:\/\/ctsq.qc.ca\/en\/medias\/#primaryimage"},"thumbnailUrl":"https:\/\/ctsq.qc.ca\/wp-content\/uploads\/2019\/05\/100689680_low.jpg","datePublished":"2019-05-31T19:14:50+00:00","dateModified":"2025-11-13T00:14:40+00:00","breadcrumb":{"@id":"https:\/\/ctsq.qc.ca\/en\/medias\/#breadcrumb"},"inLanguage":"en-US","potentialAction":[{"@type":"ReadAction","target":["https:\/\/ctsq.qc.ca\/en\/medias\/"]}]},{"@type":"ImageObject","inLanguage":"en-US","@id":"https:\/\/ctsq.qc.ca\/en\/medias\/#primaryimage","url":"https:\/\/ctsq.qc.ca\/wp-content\/uploads\/2019\/05\/100689680_low.jpg","contentUrl":"https:\/\/ctsq.qc.ca\/wp-content\/uploads\/2019\/05\/100689680_low.jpg","width":655,"height":368},{"@type":"BreadcrumbList","@id":"https:\/\/ctsq.qc.ca\/en\/medias\/#breadcrumb","itemListElement":[{"@type":"ListItem","position":1,"name":"Home","item":"https:\/\/ctsq.qc.ca\/en\/"},{"@type":"ListItem","position":2,"name":"Medias"}]},{"@type":"WebSite","@id":"https:\/\/ctsq.qc.ca\/en\/#website","url":"https:\/\/ctsq.qc.ca\/en\/","name":"CTSQ","description":"La corporation des th\u00e9rapeutes du sport du Qu\u00e9bec","potentialAction":[{"@type":"SearchAction","target":{"@type":"EntryPoint","urlTemplate":"https:\/\/ctsq.qc.ca\/en\/?s={search_term_string}"},"query-input":{"@type":"PropertyValueSpecification","valueRequired":true,"valueName":"search_term_string"}}],"inLanguage":"en-US"}]}},"_links":{"self":[{"href":"https:\/\/ctsq.qc.ca\/en\/wp-json\/wp\/v2\/pages\/8168","targetHints":{"allow":["GET"]}}],"collection":[{"href":"https:\/\/ctsq.qc.ca\/en\/wp-json\/wp\/v2\/pages"}],"about":[{"href":"https:\/\/ctsq.qc.ca\/en\/wp-json\/wp\/v2\/types\/page"}],"author":[{"embeddable":true,"href":"https:\/\/ctsq.qc.ca\/en\/wp-json\/wp\/v2\/users\/1"}],"replies":[{"embeddable":true,"href":"https:\/\/ctsq.qc.ca\/en\/wp-json\/wp\/v2\/comments?post=8168"}],"version-history":[{"count":20,"href":"https:\/\/ctsq.qc.ca\/en\/wp-json\/wp\/v2\/pages\/8168\/revisions"}],"predecessor-version":[{"id":25795,"href":"https:\/\/ctsq.qc.ca\/en\/wp-json\/wp\/v2\/pages\/8168\/revisions\/25795"}],"wp:featuredmedia":[{"embeddable":true,"href":"https:\/\/ctsq.qc.ca\/en\/wp-json\/wp\/v2\/media\/8164"}],"wp:attachment":[{"href":"https:\/\/ctsq.qc.ca\/en\/wp-json\/wp\/v2\/media?parent=8168"}],"curies":[{"name":"wp","href":"https:\/\/api.w.org\/{rel}","templated":true}]}}